{"id":48,"date":"2020-08-08T10:51:39","date_gmt":"2020-08-08T08:51:39","guid":{"rendered":"http:\/\/valentin-gratz.xyz\/blog\/?page_id=48"},"modified":"2025-05-29T21:41:51","modified_gmt":"2025-05-29T19:41:51","slug":"comparatif-de-solution-de-erp","status":"publish","type":"page","link":"https:\/\/valentin-gratz.xyz\/blog\/comparatif-de-solution-de-erp\/","title":{"rendered":"Comparatif de solution de ERP"},"content":{"rendered":"\n<p><strong><u>Pourquoi peut-on avoir recours \u00e0 utiliser un logiciel ou site pour g\u00e9rer son entreprise&nbsp;?<\/u><\/strong><\/p>\n\n\n\n<p>Il fut un temps o\u00f9 pour g\u00e9rer son entreprise, les devis, factures, bon de commandes\u2026 vous utilisiez un simple tableur. Ce qui vous prenez \u00e9norm\u00e9ment de temps, pour la mise en forme, le remplir\u2026<\/p>\n\n\n\n<p>Vous avez eu connaissance de logiciels ERP comme Cegid, Ciel, Sage. Mais ils sont trop co\u00fbteux pour votre petite entreprise. Je vous compare ci-dessous 4 solutions accessibles \u00e0 tous, qu\u2019ils soient gratuits, freemium (offre gratuite et payante) et payant.<\/p>\n\n\n\n<p><strong><u>FreeDevisFacture<\/u><\/strong><\/p>\n\n\n\n<div class=\"wp-block-image\"><figure class=\"aligncenter size-large\"><img decoding=\"async\" src=\"data:image\/jpeg;base64,\/9j\/4AAQSkZJRgABAQAAAQABAAD\/2wCEAAkGBxAPDxAQEBIQFg8NDw8QDw4PEA8NDRIOFREWFhURFRUYHSggGBolGxUVITEhJSkrLi4uFx8zODMsNygtLisBCgoKDg0OGxAQGy0lICYtLS0tLS0tLS0tLS0tLS0tLS0rLS0tLS0tLS4tLS0tLS0rLS0tLS0tKy0tLS0tLS0rLf\/AABEIALQAtAMBIgACEQEDEQH\/xAAcAAEAAgIDAQAAAAAAAAAAAAAABQYCBwEDBAj\/xABDEAACAgECBAMEBwMHDQAAAAABAgADEQQSBQYhMQcTIjJBUWEUI0JSYnFyM4GyFjQ1NnORkhUkJVNUY4STobHB0fH\/xAAaAQEAAwEBAQAAAAAAAAAAAAAAAQIDBAUG\/8QALBEAAgICAQMDAwQCAwAAAAAAAAECEQMhBBIxUSJBcQWBkRMUwfCx8TJhof\/aAAwDAQACEQMRAD8A3jERAEREAREQBERAEREAREQBERAEREAREQBERAEREAREQBERAEREAxM4z\/0mF6kqdvf3TmtPTg\/DBmbk+qq+5NKjiq0OMj44nZOulAB6cY+U66kYFsnoT0EqpySSatvwS0t0eqIibFRERAEREAREQBERAEREAREQBERAEREAGYN26fDpMpgzgd\/fIk0lslHnbf5Zxjfg7SZ46tXYNOz2ghkBBJ9\/4pxxrib6cKQm5W7tnsZWuKcesvTZgAE5OO5nl8nlY8Wup9SVV5O7jcXJkSdKm+5YOWtUXobPUoxnp4VdbYHawYBY7AR1Cyn8K4q+nYkDKn2lMsXDuPPfYEWs\/iYH0qJTicvHOMYuTtarya8viThKUlFU934Jyjdg7vj0nbmaj53531+j19ooZDp69ieW4Ujft9Xz7y+ckcbt1+ir1NyKrWE+lN23A9\/We0sLjBO7R5XWnKixRESpIiIgCIiAIiIAiIgCIiAIiIAiIgCYOgPeZTg++Q0mthHhuvpsY0EqWZTlZReL6TyLmQdh1X9MvWn0FaO1gX1ucs0qj6N9ZqrCMhFfBf3ALPE+oY55IK4+pvVeD1fp+WOOUmn6Ut35IZBlgPicS+aWqnR1AEgeksxPdto6yucW5fegCxMsq9W+IkL4hc1016elF2vq3Az1\/ZJ9rPzj6ZxskMkl0+rVX499l\/qHIhkxxal6fevPsav4\/wAVfU33uT0tudwPxbp9E8naL6Pw\/SVfdpTP7+v\/AJmhOWuFjW8Q09SA4awWWkeyEVtzT6TVQAAOwGAJ9RypLpjFKvc8HGttnZEROM2EREAREQBERAEREAREQBERAEREA4icSq+I3HTodBY6nFtv1VXyZvtfuGZMYuTSRDdKyD5x8TK9LY2n0yrZap22WE\/VI33fmZrPVc6a+xtv0hlQvnbWFq+18pB6PSW6ixa61Z7bG6KvVi0t+r8NNXp9Jbqr7K18mvzPLUsz\/pM9H9HDCr7mHXN9uxE8xccua4eXqbynlgECyzbu+1I2vS26y1VqDWXWYBAGWP6p18NrF2opSwnbZYiMR7lafSPLvLWl0CbdPWASPU59Tt++Vmo8dKtui3U8jftZCeHXJS8NrNlmG1Vw9bD2UX7iy7RE4ZzcnbNUklSOYiJUkREQBERAEREAREQBERAEREAREQDGaY8c+I7tRp9OD0qrNrD8TNtX+EzcxYDviaQ8TOAavUa+29UzUQiVn4qq\/wDvM0w5scJpzdIh45zVRVkv4H8KXZfqmA3bvKQkdl9o4l38Qv6L1n9g0j\/CvQGjhtYcEOzuzA+71T2+Ir7eFaz507ZeU1PN1J2rK9LjGmfOWkt2WI33XRv8LT6i4LxOrVUpbS6shUdVPY\/Az5YEl+XOY9Tw6zzKHOCfXU3VHX8p38jB+otd0c+OfSz6hiVTk3nbTcTTCkJqFHroY+r9S\/ESY49xqnQ0G+4kVqyKSo3HLNieW4SUulrZ1KSask4kTwbmLSaz+b3VucZKq3rH5ia7575+1+j4i+l04qKKlZQMm5yzLJjjlJ0VlNRVm2omlv5dcwf7MP8AkNNrcvam23SUWXjbc9StauNuH9\/SJ43HuIzUuxKREShcREQBERAEREAREQBERAKdzjrGS2kdCoUttbsWziQa8YuHUPgAY2AeiSnPZ+uq\/Q38Urc+S+oZ8keRJJ1\/o+n4OCE+PFyX9ssXDuYTUgHRiXJK424z78zs8U9R\/oi0j7ZrH98rdfcfnOvxY5nobTJoKzut+re0qeibR7P5z1\/oOfLmm1LaVHmfV8EMSTituyleHmjS7iVFdihkfeGRhuUrtln548Mno3X6EF6vaej7afp+Ikb4OaM2cTV\/dRU7E\/q9M39PpORmlDJ6TxMcFKOz5MousqcMjMliNkMpw6tLRx\/nq\/X6GvS3geZXartaD+0RVZeq\/HM2bzv4dU67ddRivU9yQMJZ+r5\/OaT4vwq\/R2mrUIyOvxHpb8St9oTfHkx5afujOUZR0XbwQ0e\/X22+6jTkfvdlx\/C0w5+\/rGv6tJLV4I8JarTXahgR9KcLXkd6kz6v72aU3xRDnjr+VkW7dN5ZH39vpmDl1ZX8EyVY0b9x+U1xzz4gX8O1y0IiNVsR2yPWd3wkEmn5o3DL2Yz19SzyeJKbuN6UN3K6YN\/iG6YY4JS3stKbcdaJbgviXqm4glGqpVKdQ6hFIxYin2WJ98sniLzmeGoldKhtTf7APUKv3iPfPPzRyPbq+I06pbEWugVjZt9R2tKXzlxCteYVfUH6nTNUD03YULu7SyjCUk0vYOUoppnoq8ReL6OyttfRiiw5w1flMV\/CZtPW8fpq0Z1pOafL8xcd2z2E1v4jc38N1+iNdTlrVdXryjD8+sjeO69v5N6JM9Gs2H9KdpDxqVOqIU3G1dmdniDxq4PqaKR9FQnqKt6KvzbPWbD5A5tXimnLFQt9JC2oD6fky\/Iys8pc7cL0vD6NNY5DJVtsXy2Klj7UivBm5RxDWLWT5T15XPvVbGx\/FJnFOL9NUISakt3ZuiIicx0iIiAIiIBC8a4GmqKsSQyqVXHaV\/U8o2jJR1PwBGJd4xOHPwMOZuUlvydWHm5sSUYvRqzjOht0lT23KQiDq46qJqMI11pCBme122qPUx3N6Z9O8xcPGq0l1DD9rWwH5+6aH5S5R19+qU1IUGmt9V7jCBlb7P3p6H0riYuLGcovv5MudzMnIcVJdvBtbwz5UPDtOWtx9I1GGsH3F9yS7TrrBwM4yAMke8zsic3KTbMUqVI5kbxXg2n1YUaipLApyu8djJKcSqbW0SdVNSooVQAqjCqowAJo3n3+sa\/q0k3rNK888L1D8fWxKLmr3aT6xa2Ken2us3wP1O\/BjmWkbrE0p4lf09pv+H\/im7Jp3xB4bfZxvT2JTa1a+TmxUZkHq+9K4v8AkMi9JuGaS5k0tZ5lVblDV3WVZVvZO5Zu2as8XOW73sq1+mVmeoBbAgy42+ywjC6lXknIrjZY+PcJ4PoaTfqNPUtYYLkIzHc3ylS8Sm013B9Nbo1xp\/OJQBWT2l+Eq2s13F+MmrTOlhCsB7DImfvu02vxblAWcIGgQ+qqpPLY\/wCtWXa6Greyl9SdLR5OS+W+H38P01raelmeoFnK9S3vno5P1\/CbdRaugRVtrTFjLWyenPxmqdHxnjGhpfQpXaqklQPLZmXPfY02H4R8s2aOm3UahStuq2haz3Wpe278RJMnJCk238CEraSRseIicx0CIiAIiIBEcwa5qKd6YzvRfV26tIr\/AC1qairXonl2FcFT2zPZzj\/NT8PMr\/inn5hX\/Ma\/kKf+08vkTksknGTXSk69jvwQi4RTinba\/wAFge1VA3MoB7ZOMzgFAPTtAJ6YwAZT3eq24jUN6ErQIufft9qYoxOlsKsSNPcpRs\/YiP1C3pa377131\/gS4VJW\/HtrZdmYdMkZPYZ7yN4TZeXt87G0P9X7PsyOe1r9XQAfYq8w4PxnlW23yddhmytmB17Dd9mTLlrq6knSv70rKx42qtW6+1ui1V3q+drA474IOI1VoVGbp0UnJlZ4Bp08yuyhhjy8WoW6k\/exJ\/idKvU6t22k4z8JvjzSyYnOt\/OjGeJQyKN6\/wDSK5UtexXsewsWONp92PfJxbFJwCCR3APWVbl\/RbtHY1ZC22ZUMT0xu\/8As6a6kov0wR82eYq2lWyGzOXDyJY8UbXerd+WdGXBGc5U+3tXhFxa5R3IGe2TiRvHOJGhEZdpLuq4Y+4yKOk+l6nU7ycVbURQcAHb7U83FeHMmnp805dbNgbP2GaXy8rK4NxjS3Tvw6GPj41OKlK3q18qy3pcuFOR6x0Oe8y3DOM9fhmVvjFPljSIuQosX3zOxj\/lAjJx5J6Z+U0fLcdNbtL8ozXGTVp+zf4ZOpsHbblvhtGZlZci+0yjPbcwGZSuHcOtsVbULFlu97dAm6drvTdfcNS5Gz0IuW6fimX7+XT1ONX2t6\/Jo+HFSaUrrvS3+C3Oqe023p13kDp++ZV2BuqkEe4g5lJs1Dto0BZjWl\/luw7mqTPAtMq2M1Dg0OgwgOdrzSHMc5qNaaXvvf8ABlPjKMHK979vH8lkiInoHKIiIAiIgFf5w\/mpP+8rx\/ikXxLiaX0VUVZZzsBChvTgS2XUK67WAK\/AjInVToqkOVRQfiABODNxpznJppKSSfk6sOeEIJNNtNtFZV69LqXF4G10TYzLkZVZ79HZ9J0t3oVVbITAxuUfakzqdHXbjeqtjtuGcTtqqVV2qAAOw90rj4coNq1W\/be\/JOTkqSTrevjRVeTgXex27qorEcP1DVLrGVQ221jtPYjPWWmihUzsVVycnauMzFdOg3YVfV7WAPV+ciPClGCipbV7+SZ8pSm5Vp1r4KrX5P0jTPRgNYfrFXsBtlo1w+rs\/Q38Mw03D6UJZEUMe5UdZ6mAIIOMHuDNsGCUYyUqt+O3ajLLmU5RavXnuU7SMw4XYUznc2SvfG7rOlPo4fRinG7zEZ29+74GXKrTIqlAqhT3UDpOtNBSvs11jB3DCjo33pg+DOkrWkl28O9G65kbbp7bf5VbK\/Vrl0mq1Qt6eZtdCR0b09p18T1r3aSu112jzR2+7u9qWbUaKqw5dFYjsSMzNqFK7Cq7fulen90n9rk6ZQ6vS7r7u9\/BX9xDqjLp2qv7KtFc4\/qkavS2qcoLFJYfpmNWpS7XFkIK+URke\/0yxNpKyuwouwdlx0mNWkqQ9EUYGMgY6RLiZJSvqVWm\/lKiI8mEY1TvaX3IvlH9i\/8AaPI8airT6nUecF9Z3qSM5\/DLVRSqDCgAE5woxOrU6GqwguisR2LDMvPizWOKi1a89iFyIucpNOn+SCPEj9FWxqk2PbtYY6Cr786+EVoutI05HltUWsCnKh93SWN6EKlWA2kY246THS6Oqr9mqqD3wJH7abnFtrVe29eP+h+vFRaS738f1HsiInoHKIiIAiIgCIiAIiIAiIgCIiAIiIAiIgCIiAIiIAiIgCIiAIiIAiIgCIiAIiIAiIgCIiAIiIAiIgCIiAIiIAiIgCIiAIiIB\/\/Z\" alt=\"\"\/><\/figure><\/div>\n\n\n\n<p>Free Devis Facture est un logiciel ERP de gestion commerciale (devis, bon de commande, bon de livraison, facture et comptabilit\u00e9). Il est principalement fait pour les associations, ainsi que pour les entrepreneurs avec une gestion de la comptabilit\u00e9 simplifi\u00e9.<\/p>\n\n\n\n<p><strong>C\u2019est un logiciel gratuit de facturation<\/strong> n\u2019ayant aucune limite, ni au niveau des fonctionnalit\u00e9s, ni dans le temps.&nbsp; Con\u00e7u en priorit\u00e9 pour tous les <strong>entrepreneurs individuels<\/strong>, <strong>artisans<\/strong>, <strong>professions lib\u00e9rales<\/strong>, <strong>les petites et moyennes entreprises<\/strong>, <strong>auto-entrepreneurs<\/strong>, <strong>ind\u00e9pendant<\/strong>s, <strong>associations<\/strong>. Il peut couvrir tous les types d\u2019activit\u00e9 (services de proximit\u00e9, artisanat, services aux particuliers et entreprise, <strong>TPE<\/strong>, <strong>PME<\/strong>\u2026). Vous r\u00e9aliserez rapidement, <strong>Devis<\/strong>, <strong>Facture<\/strong>, note d\u2019honoraire,<strong> Avoir<\/strong>, <strong>Bon de livraison<\/strong> que vous enverrez d\u2019un clic par email ou par fax directement \u00e0 vos clients.<\/p>\n\n\n\n<p>Ce logiciel est disponible seulement pour Windows.<\/p>\n\n\n\n<p><strong><u>Jepilote<\/u><\/strong><\/p>\n\n\n\n<figure class=\"wp-block-image size-large\"><img decoding=\"async\" src=\"https:\/\/www.jepilotemonentreprise.com\/images\/logo-new.png\" alt=\"\"\/><\/figure>\n\n\n\n<p>Je pilote mon entreprise est un site qui permet de g\u00e9rer son entreprise directement en ligne depuis n\u2019importe quel endroit, tout comme TiimeAE et MyAE.<\/p>\n\n\n\n<p>Outre qu\u2019il soit totalement gratuit, comme MyAE, il permet aussi de collaborer et d\u2019inviter son expert-comptable \u00e0 acc\u00e9der au tableau de bord de son entreprise.<\/p>\n\n\n\n<p>Il vous aide aussi dans la d\u00e9claration de la TVA par exemple.<\/p>\n\n\n\n<p>Mais qui peut utiliser cette solution&nbsp;? Tout les entrepreneurs et entreprises, donc que vous soyez une Start-Up, profession lib\u00e9rale \u2013 BNC, une TPE \u2013 service et conseil, un artisan du b\u00e2timent, auto-entrepreneur, SCI, commerce (point de vente) et m\u00eame pour les associations.<\/p>\n\n\n\n<p><strong><u>TiimeAE<\/u><\/strong><\/p>\n\n\n\n<div class=\"wp-block-image\"><figure class=\"aligncenter size-large\"><img decoding=\"async\" src=\"https:\/\/mon-logiciel.net\/wp-content\/uploads\/2018\/10\/tiimeae_logo12-38284.png\" alt=\"\"\/><\/figure><\/div>\n\n\n\n<p>Je n\u2019ai pas vraiment \u00e0 pr\u00e9senter la solution de TiimeAE qui reprend d\u00e9j\u00e0 ce qui a \u00e9t\u00e9 dit pour les autres solutions. Tout ce que je peux y ajouter, est qu\u2019ils proposent une aide pour la d\u00e9claration de son chiffre d\u2019affaire, les cotisations\u2026 (que je vous ai d\u00e9crit dans la seconde partie sur les offres de chacun)<\/p>\n\n\n\n<p>Le d\u00e9tail que je peux y ajouter, et qui, en plus est original, est que cette application \u00e0 \u00e9tait cod\u00e9e, par des mosellans et tarnais, d\u00e9sign\u00e9e par des parisiens, market\u00e9e par des bourguignons et h\u00e9berg\u00e9e dans les Vosges.<\/p>\n\n\n\n<p><strong><u>MyAE<\/u><\/strong><\/p>\n\n\n\n<div class=\"wp-block-image\"><figure class=\"aligncenter size-large is-resized\"><img loading=\"lazy\" decoding=\"async\" src=\"https:\/\/www.webmarketing-com.com\/wp-content\/uploads\/2012\/12\/my-ae-home-467x198.jpg\" alt=\"\" width=\"300\" height=\"127\"\/><\/figure><\/div>\n\n\n\n<p>MyAE est un site fait et test\u00e9 par les professionnels, auto-entrepreneurs et vous propose en abonnement de vous aider pour d\u00e9clarer votre chiffre d\u2019affaire ainsi que de vous aider tout au long de votre entreprise, avec des pr\u00e9visionnel, simulation des cotisations, etc.<\/p>\n\n\n\n<p><strong><u>Les forfaits de chacun<\/u><\/strong><\/p>\n\n\n\n<ol class=\"wp-block-list\" type=\"1\"><li><strong><u>Free Devis Facture<\/u><\/strong><\/li><\/ol>\n\n\n\n<p>\u00c9tant donn\u00e9 que c\u2019est un logiciel gratuit dans le temps, il n\u2019y a aucun forfait. Mais \u00e0 chaque ouverture ou retour \u00e0 l\u2019accueil, vous aller voir un pop-up pour vous informer pendant 4-5 secondes que vous pouvez faire un don et acqu\u00e9rir une licence, qui vous permettra simplement de ne plus avoir \u00e0 perdre quelques secondes \u00e0 chaque fois.<\/p>\n\n\n\n<ul class=\"wp-block-list\"><li><strong><u>Jepilote<\/u><\/strong><\/li><\/ul>\n\n\n\n<p>Jepilotemonentreprise ne propose un seul et unique forfait (\u00e0 l\u2019heure o\u00f9 je r\u00e9dige cet article). Donc, l\u00e0-dessus, je n\u2019ai rien \u00e0 redire, juste toutes les fonctionnalit\u00e9s mis \u00e0 votre disposition gratuitement. Que se soit de la gestion des documents, \u00e9criture comptable, gestion de la TVA, la collaboration avec un expert-comptable.<\/p>\n\n\n\n<ul class=\"wp-block-list\"><li><strong><u>TiimeAE<\/u><\/strong><\/li><\/ul>\n\n\n\n<p>Tout comme Jepilotemonentreprise, TiimeAE propose un seul et unique forfait gratuit, qui comprend la cr\u00e9ation de facture sur-mesure, factures et clients illimit\u00e9s, mentions l\u00e9gales adapt\u00e9s, suivi des r\u00e8glements, registres en ligne, devis illimit\u00e9s, le stockage de documents.<\/p>\n\n\n\n<p>Les fonctionnalit\u00e9s qui le diff\u00e9rencient des autres sont&nbsp;: le suivi des seuils et cotisations, le montant et dates des d\u00e9clarations, les graphiques des d\u00e9penses et du chiffre d\u2019affaire.<\/p>\n\n\n\n<ul class=\"wp-block-list\"><li><strong><u>MyAE<\/u><\/strong><\/li><\/ul>\n\n\n\n<p>Au contraire de ses concurrents, MyAE est plus restrictif, vous devez payer un abonnement selon l\u2019offre que vous souhaitez.<\/p>\n\n\n\n<figure class=\"wp-block-image size-large\"><img loading=\"lazy\" decoding=\"async\" width=\"1024\" height=\"539\" src=\"https:\/\/valentin-gratz.xyz\/blog\/wp-content\/uploads\/2020\/08\/forfait_myae-1024x539.png\" alt=\"\" class=\"wp-image-49\" srcset=\"https:\/\/valentin-gratz.xyz\/blog\/wp-content\/uploads\/2020\/08\/forfait_myae-1024x539.png 1024w, https:\/\/valentin-gratz.xyz\/blog\/wp-content\/uploads\/2020\/08\/forfait_myae-300x158.png 300w, https:\/\/valentin-gratz.xyz\/blog\/wp-content\/uploads\/2020\/08\/forfait_myae-768x404.png 768w, https:\/\/valentin-gratz.xyz\/blog\/wp-content\/uploads\/2020\/08\/forfait_myae.png 1157w\" sizes=\"(max-width: 1024px) 100vw, 1024px\" \/><\/figure>\n\n\n\n<p>Selon moi, l\u2019offre Standard s\u2019apparente aux autres offres que l\u2019on a vu pr\u00e9c\u00e9demment. Apr\u00e8s l\u2019ajout payant s\u2019apparente un peu \u00e0 vous guider dans la d\u00e9claration de chiffres d\u2019affaires, etc \u2026 Tout comme le fait TiimeAE gratuitement.<\/p>\n\n\n\n<p><strong><u>Tableau comparatif<\/u><\/strong><\/p>\n\n\n\n<p>Voici maintenant le tableau comparatif des premi\u00e8res offres propos\u00e9es par chaque solution.<\/p>\n\n\n\n<figure class=\"wp-block-table\"><table><tbody><tr><td><em>&nbsp;<\/em><\/td><td><strong>Free Devis Facture <\/strong><strong><em><\/em><\/strong> <strong>et <\/strong><strong><em><\/em><\/strong> <strong>Jepilote<\/strong><strong><\/strong><\/td><td><strong>TiimeAE<\/strong><strong><\/strong><\/td><td><strong>MyAE<\/strong><strong><\/strong><\/td><\/tr><tr><td><strong>Forfait<\/strong><strong><\/strong><\/td><td>Basic<\/td><td>Gratuite<\/td><td>Standard<\/td><\/tr><tr><td><strong>Fonctionnalit\u00e9s<\/strong><strong><\/strong><\/td><td>Toutes les fonctionnalit\u00e9s<\/td><td>Toutes les fonctionnalit\u00e9s<\/td><td>Factures &amp; Devis illimit\u00e9s<br>Clients \/ Fournisseurs &amp; Achats illimit\u00e9s<br>Catalogue de produits et services<br>Indicateurs de chiffre d&rsquo;affaires<br>Documents comptables &amp; Emails personnalis\u00e9s<br>Gestions des relances<br>Connexion s\u00e9curis\u00e9e &amp; Sauvegarde des donn\u00e9es<br>Aucun support technique<\/td><\/tr><tr><td><strong>Prix<\/strong><strong><\/strong><\/td><td>Gratuit<\/td><td>Gratuit<\/td><td>Gratuit<\/td><\/tr><\/tbody><\/table><\/figure>\n\n\n\n<p>Dans le tableau, pour le logiciel FreeDevisFacture, il n\u2019y a pas de forfait, mais juste une option de sauvegarde en ligne qui est au prix de 60\u20ac HT par ans.<\/p>\n\n\n\n<p>J\u2019ai r\u00e9uni Free Devis Facture et Jepilote, car il n\u2019y a aucune diff\u00e9rence ou presque (juste niveau de sauvegarde), et en m\u00eame temps car je n\u2019avais plus de place pour le contenu du tableau.<\/p>\n\n\n\n<p><strong><u>Conclusion<\/u><\/strong><\/p>\n\n\n\n<p>Pour conclure, j\u2019irais plus vers l\u2019utilisation de solutions en ligne comme Jepilote, TiimeAE, MyAE, au moins si vous n\u2019avez pas de sauvegarde de faite et que vous perdez l\u2019acc\u00e8s \u00e0 vos donn\u00e9es sur votre PC. Ceux-ci seront toujours disponibles depuis n\u2019importe quel PC, tablette et en ligne.<\/p>\n\n\n\n<p>Apr\u00e8s avec Free Devis Facture, vous pouvez aussi faire des sauvegardes en ligne, mais cela aura un co\u00fbt suppl\u00e9mentaire que la version gratuite.<\/p>\n\n\n\n<p>Pour moi, les meilleures solutions sont Jepilote et TiimeAE, car ils sont gratuits et illimit\u00e9, compar\u00e9 \u00e0 MyAE, o\u00f9 l\u2019on vous propose une offre gratuite de d\u00e9couverte (par exemple 10 devis, 5 factures), ce qui est tr\u00e8s limit\u00e9 pour votre entreprise.<\/p>\n\n\n\n<p>Au moment de la r\u00e9daction de ce comparatif, MyAE ne proposait pas encore d\u2019offre gratuite, ce n\u2019est seulement \u00e0 partir d\u2019ao\u00fbt 2019 qu\u2019elle en propose une.<\/p>\n","protected":false},"excerpt":{"rendered":"<p>Pourquoi peut-on avoir recours \u00e0 utiliser un logiciel ou site pour g\u00e9rer son entreprise&nbsp;? Il fut un temps o\u00f9 pour g\u00e9rer son entreprise, les devis, factures, bon de commandes\u2026 vous utilisiez un simple tableur. Ce qui vous prenez \u00e9norm\u00e9ment de temps, pour la mise en forme, le remplir\u2026 Vous avez eu connaissance de logiciels ERP comme Cegid, Ciel, Sage. Mais ils sont trop co\u00fbteux pour votre petite entreprise. Je vous compare ci-dessous 4 solutions accessibles \u00e0 tous, qu\u2019ils soient gratuits,&#8230;<\/p>\n<p class=\"read-more\"><a class=\"btn btn-default\" href=\"https:\/\/valentin-gratz.xyz\/blog\/comparatif-de-solution-de-erp\/\">Lire la suite<span class=\"screen-reader-text\"> Lire la suite<\/span><\/a><\/p>\n","protected":false},"author":1,"featured_media":0,"parent":0,"menu_order":0,"comment_status":"closed","ping_status":"closed","template":"","meta":{"_et_pb_use_builder":"","_et_pb_old_content":"","_et_gb_content_width":"","footnotes":""},"class_list":["post-48","page","type-page","status-publish","hentry"],"_links":{"self":[{"href":"https:\/\/valentin-gratz.xyz\/blog\/wp-json\/wp\/v2\/pages\/48","targetHints":{"allow":["GET"]}}],"collection":[{"href":"https:\/\/valentin-gratz.xyz\/blog\/wp-json\/wp\/v2\/pages"}],"about":[{"href":"https:\/\/valentin-gratz.xyz\/blog\/wp-json\/wp\/v2\/types\/page"}],"author":[{"embeddable":true,"href":"https:\/\/valentin-gratz.xyz\/blog\/wp-json\/wp\/v2\/users\/1"}],"replies":[{"embeddable":true,"href":"https:\/\/valentin-gratz.xyz\/blog\/wp-json\/wp\/v2\/comments?post=48"}],"version-history":[{"count":0,"href":"https:\/\/valentin-gratz.xyz\/blog\/wp-json\/wp\/v2\/pages\/48\/revisions"}],"wp:attachment":[{"href":"https:\/\/valentin-gratz.xyz\/blog\/wp-json\/wp\/v2\/media?parent=48"}],"curies":[{"name":"wp","href":"https:\/\/api.w.org\/{rel}","templated":true}]}}