{"id":46,"date":"2020-08-08T10:40:47","date_gmt":"2020-08-08T08:40:47","guid":{"rendered":"http:\/\/valentin-gratz.xyz\/blog\/?page_id=46"},"modified":"2025-05-29T21:42:20","modified_gmt":"2025-05-29T19:42:20","slug":"comparatif-de-solution-de-live-chat","status":"publish","type":"page","link":"https:\/\/valentin-gratz.xyz\/blog\/comparatif-de-solution-de-live-chat\/","title":{"rendered":"Comparatif de solution de live chat"},"content":{"rendered":"\n<p><strong><u>Pourquoi peut-on avoir recours \u00e0 utiliser aux live chat&nbsp;?<\/u><\/strong><\/p>\n\n\n\n<p>Que vous ayez un site, blog personnel ou un site e-commerce, vous avez sans-doute envie de mettre \u00e0 disposition des visiteurs un moyen de vous contacter pour une question, une remarque\u2026<\/p>\n\n\n\n<p>Ci-dessous, je vais vous d\u00e9tailler diff\u00e9rentes solutions, ainsi qu\u2019un comparatif pour savoir lequel sera le mieux adapt\u00e9 \u00e0 votre situation.<\/p>\n\n\n\n<p><strong><u>Tawk.to<\/u><\/strong><\/p>\n\n\n\n<div class=\"wp-block-image\"><figure class=\"aligncenter size-large is-resized\"><img loading=\"lazy\" decoding=\"async\" src=\"https:\/\/www.thesmbguide.com\/images\/tawk-to-1024x512-20190322.png\" alt=\"\" width=\"198\" height=\"99\"\/><\/figure><\/div>\n\n\n\n<p>Tawk.to est le premier chat que j\u2019ai crois\u00e9 sur un site, \u00e0 ma grande surprise, c\u2019est une solution gratuite, il n\u2019y a seulement une option payante que l\u2019on peut s\u2019en en passer.<\/p>\n\n\n\n<p>Je peux lui confirmer cette citation \u00ab&nbsp;petit mais costaud&nbsp;\u00bb, car il est utilis\u00e9 par de grandes compagnies telles que Hyundai, Europcar, Chevrolet, et tant d\u2019autres, pour ne citer que c\u2019est trois.<\/p>\n\n\n\n<p><strong><u>Chatra<\/u><\/strong><\/p>\n\n\n\n<div class=\"wp-block-image\"><figure class=\"aligncenter size-large is-resized\"><img loading=\"lazy\" decoding=\"async\" src=\"https:\/\/www.drupal.org\/files\/project-images\/chtr-logo-big_0.png\" alt=\"\" width=\"260\" height=\"130\"\/><\/figure><\/div>\n\n\n\n<p>Chatra se pr\u00e9sente comme une application de chat qui se veut convivial et utile pour augmenter les ventes.<\/p>\n\n\n\n<p>Comme pour tawk.to, l\u2019on peut se connecter sur Mac, Windows, Android et iPhone. Ce qui n\u2019est pas surprenant.<\/p>\n\n\n\n<p><strong><u>SmartSupp<\/u><\/strong><\/p>\n\n\n\n<div class=\"wp-block-image\"><figure class=\"aligncenter size-large\"><img decoding=\"async\" src=\"data:image\/png;base64,iVBORw0KGgoAAAANSUhEUgAAAgUAAABhCAMAAABxuCJaAAAAulBMVEX\/\/\/8sPEVAiOY8huYzguU4hOUnOEH1+f4TKjXGysxuoeu0zvWgpqpEjOcpOkPr8\/0cLzqhwvIJJTEuP0jY2tyMtO\/j5ue+wsROWmH5+flhm+oAIS7t7u\/g6\/qZvvE1RE1blegmfeTd6PpRkOdganBHVFuIkJS+0vWboaXb3d7P4PhocniwzPTG2vc8S1O4vcCssbR3qe17g4iEre2PlptZZGpye4Bnn+ucoqUAFSWJkJOFsu4AABcADyFRcU2xAAARw0lEQVR4nO2dZ3eruhKGHZo7VhI3HPeSuPeyz933\/P+\/dQEjoVEBQdrd2bxr5YuNQJYeRjOjklwOqNl6vczsh0jZs2buh2lL\/eSn7nfX5ptVXG2RZcVA8OMp+HG\/LpGKs0IsARkFP1vO0bIUEMgo+MlqXpCKHcgo+MlqzpAiAz+SgkFGgSvnojgaZBT8YK3ULUFGwU\/VPgkEGQU\/U02lADGj4GfrNZEpyCj4kaoPEpmCByuj4AeK9QoshKxIZRT8QLVBlGgVLvP9rhWlovPdVf5oZRR0XwAE7Z\/Xx\/HKKCgWaM9v8Fe2QUZBhXYLrN13V+dblFFwpiiwt3\/hcJDLKIAUWKvvrs33KKMgoyCjgKHg8t21+R5lFMxpv+DvDBH+HAry+VpvuanV8vlExZx8rbbcjN1yMr9vR0eK1vH9Nf0D9WdQMF6fOtpoZBijUbXTWI8Vi9U2\/cPEcIu5f8NDf1MTXbR4oih4QOcfHSU4TpeR\/\/EfQEFtPdRMU9e1u3TTrA7Xwg4Fyi9PVd3EpTRdN7XqaSmwJHBe2Vq1PqgZwkaOkNNUuOiDVN+fr9MLVLvufTNIvh\/BtbERSmawXYHSgq\/7VYMQQHrUmDzGPGhTMkyNlWmUNtyVRzibZInmkmbt6bm4UDUT3XrlOsMlr\/uFsF2dxf7aDi4arH4VlVlwFvX969HV674ovrWoSq2VJZomQy3v22f6RbDhFQX+Eb3yoeq+VXIZDerqofsGY40k1euNwsK6WWa\/Lpt8X947VFtHcNArmbqwmG7eesy1RW7Noc3Lba+CPT0v4lrbVX1+cUmybdykyLrMuZbsVqbPBSu4yr09Qu3XusLNc83zalC4dydChcHltahQyJm3JXstLL84oID5+S9s3WuNiSFu3LBzAAW6CgX0O\/4Gv8wfJAx4Mg7SYeFtIi+nV9dME01VNyJY6GW2izEIxcsTYu9noacp6OLF8QWxveLePHYmq7ubwYJulQrP85ghzKkgrkqAAuc5YoUFO0L0Ze+lnILwCxUKNBNSsIzoTO9qfSm+Z2MUVUwbnaAVaRXkbcC1GppGvXzNq2Rvi\/VwJD3sVAbi1U2WtYo0Nq2LqDdttP0VRU89aqtFUgpqpzg78NEULCdUeTwO0T6CXn0T3fIQU0wzSxCDa5IlZ9bTq3QwniPpnWw02Ae90i5IG90qzKUdulg9Sd5ouzCQozmX2gH\/gckoqHXiDcHHUrCshg6+aWiHxqOrRkmjncUR7+zlGkbIAChGPacDMFhsE2xHcKPJrXgE714j9zfZ9yh09xz1MNuaShhrRZWz7LO4VEydElKQLylB8IEUjENLYFZLbzj4yNfKBy28b5XDoEEVO2zCYusbVcw8gDI7+dspbLpBS\/BLnNj9TYWVk6vEPQpdhMP8OXqhtF1YiehxLjF1SkYB9YJ9DQX5DilsHJjxf3kghXSdcRHfcHCgGwcmu7S5hT\/C7IOvdskWo1vWnvshXYWtLeg6j98OaT0IMDjHlkNtHgMndqxLRMFGU\/AJPpSCE7Y9nE\/vqUxGC\/0AjPuY4DERDBbrcJAx4Nf7QqJBwba4gVhpf5OldNGF8w32CpQifiw5xz4uEQUHRQg+jII30suaMF88Jv1p0JA4t+Bjc8KmBXyFvoY+hEakuE22QemB8Q3iG1xdaMpUu6W0oRqx8+LFp9gySShYRodeH09BHn+id4S96ZYLb05d8WjiYpJcwpgUY8YEN4Z\/SjIsWG3wwhaTDSkxQnDA6c7UDFWKYkkoaEDXUJfL+BgK+rg3DdLFi8r5eN6F5mlMCoXdWcMV1AgEzb1bbE+NbTjC0E0WlPrR4nI5EU1OTz92o9oxuWwL5A3iXDyiJzBOHflifpYSqKVMQZ7uTt2sdiL0+BEUjKv4YWFKuXl+Qajw9EpewQ3uztBBDGjVtXDQ787dYujlSDgoY6LN31xlFpX2s5fzZeVl4NmGsm2qyflNbn4S2S0XHae533tXce8sMO57\/pX2M\/z8ra0pZaDqbDEbWc\/b1SvUgqOA+e3\/4JYbT2hLUFaeTUpNATEFIKDzmxpdSH\/i9LKByesF9QTDUu6XX2xGipHgYygaNbr13W5fYbTbz1c226HWLGxwFgILrSq7Yr21P27lbqeFLpV9sVjcVa4Wd\/MQsa7NfGcjdDkej5ctzxg1JjhX5sFoe5ZMlwJLhs7wt5O85IY2BdyEj1ypKcDRngE8w4U\/AYoI770gcNE7wQfrIBI0QNjQ9I+uCwOppck8TUlO95X1Hwska7CCDW6jVR1XsrtvizGwrQuZNnBvzuSErCt58px5LJrNu46\/VKB+ZqtkzYgxYMlE8pQnoEA6s\/xGJQsm8TP7RGkp2BgiU5Dr3k8cCXknA8ASPI819ffZIoSza3kc8DC3j1WTycMR+1tn5uSsOaj2q2hYsFEFuJcLpkMLOAZpbuHN0ZHqpu6cMTUFsqGCSRUUIlZRQQpkc1OAggQLCNJSgJ1R\/LIGzRW0h\/2Myy5xWHgPFvP4VgEUQWt12\/diCLc6\/jm6rv5T7oJhu\/0QmG0YJdqIzSzuHjgM7Af2IibrhF7xM+HN2XxVEWa\/ySrqJtyJXfgV8bMUKaBChKokchMpJQU1HPTjgft8r9ivoD2eSKgeOJH66V7Ne+\/qtwDUX3dHGztXCL8meQz1SHXpGhG0zuj+zjvwbUVzrhh\/WEqB3wTVBYMCiUThkUuImy+og5S0PQgaZweLRS6xV6NgQ3WU3pdcJFBKCrCTp5fulzjTqVezHW7KcEgoYcfA7\/fApwyYcCOltodBCztXiLwOeIbCEGQlYwSiL3vgf8asXHwVFGMzuQJS2IEl8A+bL3E3b4H+LgSNA6KWmIM31Cjo0TGC0RgL1BMtNUtJwTh4V7Gr70wRml7DOXlUwYVxLGH6Dz8FbgEOGY6uL33dkkE5fI1+42IJiA4ET7+5e1Jgp6P9IPKuFoznsBXeHPRcwDowI9ZWdHPgmwZDggN8UsRPe9BSoyAMrvy206q8JsPb6ZF1HN9LQfCqOu7PpKPj0JqWgytHPgWBZTCw6\/8fBIqF8JAM4ymXWL\/oXrnXBIRk4VOAoOsg6ZWmYFE8IEO8mRaSifzPuvB50WuYFCl4hDOKgpyh95lhlODkX0oKsPdGDHYF2tMXUk8cTBjec\/MsBcxojEgI\/h4K6uCWvmGnV6yRcZlREdTFkiwpon0Aq+1\/RL\/ottAU+G8J1Tp+jzfpUSpu450iBT21xQVuzNb4gKxRmaWgCHxsKlsTTQE0w2FoEVJQShDwYNGuoD9Md2njK9vj5oBXWraSBOyTeva6swvAuIqLAdwLPux12qzEDAiqFLATCXIMzCHld7+TAjLAA+fKtsIYqxxJQe5V0hSPwtSkoqZst0AKZGE5gEd2EejOF44CyWiTK9K030cpcDYHPw0OpUoB8A+jOZiEo8J7KSCJYHp2jHaTsXc48jwSTEEIDx2Co3D1J3YjU40IwET7eSNAgdD596R0UYsz7U36f3YUJL1Zp23lPaNJUyAbpYggBREXl5XnlvUwuwgokOQcAQU6oEC\/kasWs3tUbFsgB4azgL53iCmg+rZ5uS\/YdIvRxhTXy\/wECmTGV+miGApkr2l38E4KHhRQ8\/WouOSMXuFLU2BIMjSQAn8uEFOgUStFnPnMKqDC8wWk3PDU4wRQQK0tcPZtr9jDhXauSdbIpCdAVRVDgcRofwgFUlvw\/IG2QJDPoqS68jCM8CAFggVgnpbgtv5oQigA0z3N4q5SrIOQh2SQS97HmALNpCOVbrHFFiMJcUOynyFS9ADvewGfSgE4rV1WDuyuSkEB2JskHa7uKquuPQySODDNYErydOUICshkoUQnkP0JKYh2+hyyfE42SkUJ5OfR51MwVXA9YYyQgoIBS3aEljeVfSlaGOKB7SGSMZiOPoIlQiEYo8hJixpZi+LbGUKBZkT2LplZ1ofRv1cokP7x+\/xTKcgdFfIF0\/faApDx2Mbt2d6cqoapC6NGmg8chz\/SVw6FPVoDacmJ\/1lIgV6KSnqRTYz3ec6Qgmivj4xTRgq3ADhi9xb\/XAoUDuIDuYFUFIhS11HyDoYoTQSqgt689zgY88VrOh4hPf5n1CAhG0c8hcuU7yNASIHG7nqltSamQEvhFsBpIX8\/7+dSAKaqxPMIcNYxDQXw5E8r\/YEK4xLvChKTfW91QaKuBzaYBy8nRYEun\/wdh8XuvZmnayAtFs6PmqXkvxIuAbxnMT+XArirXJRvYpYlpqEArmSxrunPc8mHXYAdAwdsYzAPHAY1sO9ND9aUA4exKnlhw5XoODKlKZAuYKf2vcmilggx683vXf7JFMCFrRa3vqDIrGRKQwHwPiJymwo6hZ2Ap2zXwIXghmtm8yPuTkCBxG6Ph6QoHmqALQCZ7FAbagdsTADCy9nDdaD21p8U+mQK4CQKd\/DSjv3vDqkoaDETb9fUp\/r8DrsUr\/zLgyFBM2+ga3o36GdiJ6DMZCYEh9estRACbNgBBS49Zc6u5R9DJza5V1Bkt\/8GU3WfTAEz7D+gKTUhKVjTmIqCHHMbNEt7IDSVIyJJud+wn\/VquAYh\/zhh4k4z+IalwCxxu1XpKzBZkAJvBGJ3q9KmhximZl1FxfmMW1IeLBD9bAp2zCEbFrq0Fl3HcZrF1wK\/8SQdBfy\/CtnO6\/5TkvkIdOBv4OXq0D\/0Gt\/s9DfL5Vv\/xh2MQuIBlgJNN4brMd6C3it36LQFeRRHgTfB+RYWWw\/p4650fIKBs7Kf4\/UgOBPGCnYTfjYF\/D97tNDgslpNt8IzM9JR0OXWy9sIbS\/T6ZTs\/xj3H2MFuiDM4fa55IJuGq74w6fC9D9Hgb8h6nbyanEqwaOVjNDX4Cjwi5W8Yv1TqcpkvHANnaklOMyKlaC17cHiayjI1fnn2+K9SekpEO5s9Z9CTrd6G\/GHmXESdqjrGaimnUeEHAEFGj6bhjn0zqDiDgEFmnf4kaAYlVBQPtuKFcm3fzoFyf7JW0oKpMf6kF0qb8oTSUHLU9tCVE8+oHaViSkQFrpRjqOYAnG5cINVWgoQmar+fAoS\/QPgtBTwY8JdqSkY0d7cWmllAp1MUKVAN0AGQpkCN3wIS6WkwApPDvl8CnLNBAcvpaUgVxcfnJSWAh0m5U4Kq9XMIdWfihToWh\/4r6oU6BM6dkhHgbUNw7UvoCBXV8cgNQW5+kD0kNS2AEZo+UNscRNsH1ajwGCPrFGjQDd+g\/RDKgrACVRfQUFuIewhkdJTkGuKjr1ISQE\/AxRnDZjcMkOBqLBu8gchQwqqwiNwdZ3NPaSgwH4C54l9CQW5elvRRXwHBe7Iwx8Amo4Cg5\/WzTdGUa8pexYpTYFeffttsMsadMM88fMEMIPceBuOIAhukDHqvLHsJKfAeoY9\/TUU5Jyj5FjVD6Qg55y5h6SiAJ4ggbWZSG9hcgeYQgp6ufz6MDG8g7X9njSMyUl4hgKkoJ\/LLRsd0yvn76IxDe3WEMwtJKXAQm2mTb+IAm\/KQHIyyrtnlikVZ0x+LAUFpi5ZudFrmGITzZ1KyFPgFV8+Hjodrdq5\/X5cSqYLOQpyudp407h1Juawc2hsxoKZ7aQUWGjG9eCXUZBzKlvByTrIWj1\/HAW53C94fnpCCnTNFHQp0bihMZbdywOdBHM6AgpUJKBAQQkosJA1q\/ArML6OAu9A\/fYDBYJ3JNLgWG++cyU6+5Dd9Dk85+spUe7Q\/1ckkVMPvcdhFafxdO\/fmAz7wi7+WgouBe4wK5EKT6h9Fq4E726fCkT\/yCigL3qRXdSiLir8V9yY9f11G1zxZK\/O3n\/X6NLncb3c9yb9S93JSkaBq+budbpFfm3+JScB\/W7Eal0W\/TcaVr1y\/3CrTiaTW6n\/JrMbX0pBbsceZSVWq96VIV4vUpKt1lK6qEtfJN0d4p1oVGzt3NsEVXLois79TIYD7pRm7ZD7lEXqwvF3z98lv+JrKcj0\/6mMgkwZBZk8wdWnGQV\/pzJbkCmjIJOnjIJMGQWZPGUUZMooyOQpoyBTRkEmTxkFmTIKMnnKKMiUzSNk8pTZgkwZBZk8ZRRkyijI5CmjIBOz\/SEtBYrnmv4PLKjjT2XMoxoAAAAASUVORK5CYII=\" alt=\"smartsupp logo\"\/><\/figure><\/div>\n\n\n\n<p>SmartSupp reprend, comme fonctionnalit\u00e9s, une partie de Tawk.to, au niveau de l\u2019interface, et de chatra pour vous faire augmenter les ventes.<\/p>\n\n\n\n<p><strong><u>Les solutions int\u00e9gr\u00e9es<\/u><\/strong><\/p>\n\n\n\n<p>Selon la plateforme que vous utilis\u00e9 pour votre site, il se peut qu\u2019elle vous propose d\u00e9j\u00e0 un syst\u00e8me de chat int\u00e9gr\u00e9 soit directement ou sous forme de gadget \u00e0 configurer.<\/p>\n\n\n\n<p><strong><u>Les forfaits de chacun<\/u><\/strong><\/p>\n\n\n\n<ol class=\"wp-block-list\" type=\"1\"><li><strong><u>Tawk.to<\/u><\/strong><\/li><\/ol>\n\n\n\n<p>Tawk.to ne propose qu\u2019un seul forfait, celui gratuit, rien n\u2019est payant dans les fonctionnalit\u00e9s propos\u00e9es.<\/p>\n\n\n\n<p>La seule et unique option qui est payant est d\u2019embaucher des agents de discussions pour n\u2019en rater aucune. Le prix, investissement pour cette prestation est de 1 euro par heure.<\/p>\n\n\n\n<ul class=\"wp-block-list\"><li><strong><u>Chatra<\/u><\/strong><\/li><\/ul>\n\n\n\n<p>Par contre, si vous chercher \u00e0 pouvoir l\u2019int\u00e9grer par exemple \u00e0 votre page Facebook, utiliser un robot, transf\u00e9rer des fichiers, cela vous est possible seulement dans la version payante, compar\u00e9 \u00e0 tawk.to.<\/p>\n\n\n\n<p>Dans la version pro, vous pouvez utiliser ces fonctionnalit\u00e9s&nbsp;: Messenger de Facebook, l\u2019utilisation de bot, les d\u00e9tails sur le visiteur, le transfert de fichier, bannir un visiteur, supprimer un chat, \u2026 et d\u2019autres fonctionnalit\u00e9s.<\/p>\n\n\n\n<ul class=\"wp-block-list\"><li><strong><u>SmartSupp<\/u><\/strong><\/li><\/ul>\n\n\n\n<p>SmartSupp propose trois offres&nbsp;: free, standard et pro d\u00e9taill\u00e9s dans ce tableau.<\/p>\n\n\n\n<figure class=\"wp-block-table\"><table><tbody><tr><td>FREE<\/td><td>STANDARD<\/td><td>PRO<\/td><\/tr><tr><td>Conversations chat illimit\u00e9es<br>Nombre d\u2019agents illimit\u00e9<br>Historique de chat sur 14 jours<\/td><td>Conversations chat illimit\u00e9es<br>Nombre d\u2019agents illimit\u00e9<br>Historique de chat sur 14 jours<br>Personnalisation de chat box <br>Historique de chat illimit\u00e9 Enregistrements vid\u00e9o Smartlook Applications mobiles Messages automatiques Connexion de Google Analytics API Assistance par chat<\/td><td>Conversations chat illimit\u00e9es<br>Nombre d\u2019agents illimit\u00e9<br>Historique de chat sur 14 jours<br>Personnalisation de chat box Historique de chat illimit\u00e9 Enregistrements vid\u00e9o Smartlook Applications mobiles Messages automatiques Connexion de Google Analytics API Assistance par chat <br>Statistiques<br>Groupes d&rsquo;agents<br>Dashboard \u00e0 forte capacit\u00e9 <br>Shot de Slivovica<\/td><\/tr><\/tbody><\/table><\/figure>\n\n\n\n<p><strong><u>Tableau comparatif<\/u><\/strong><\/p>\n\n\n\n<p>Voici maintenant le tableau comparatif des premi\u00e8res offres propos\u00e9es par chaque solution.<\/p>\n\n\n\n<figure class=\"wp-block-table\"><table><tbody><tr><td><strong>Tawk.to<\/strong><\/td><td><strong>Chatra<\/strong><strong><\/strong><\/td><td><strong>SmartSupp<\/strong><strong><\/strong><\/td><\/tr><tr><td>Gratuit<br>Quelques options peuvent \u00eatre payantes<\/td><td>Gratuit<br>Formule de base<\/td><td>Gratuit<br>Formule de base<\/td><\/tr><tr><td>Version Web (en ligne)<br>Android<br>iPhone<br>Logiciel<br>Note de chat<br>Personnalisation de widget<\/td><td>1 agent<br>Discutions instantan\u00e9e illimit\u00e9es<br>Widget multilingue<br>Utilisable sur plusieurs sites<br>Messagerie hors connexion<br>Historique complet de conversation<br>Transcription par mail<br>Indicateurs de frappe<br>Lire les re\u00e7us<br>Notifications<br>Nos d\u2019agents, titres et photos<br>Informations de base sur les visiteurs<br>Notes de chat<br>Personnalisation de widget<br>Version web, Android, iPhone, logiciel<\/td><td>Conversations illimit\u00e9es<br>Agents illimit\u00e9s<br>Historique de chat sur 14 jours<\/td><\/tr><\/tbody><\/table><\/figure>\n\n\n\n<p><strong><u>Conclusion<\/u><\/strong><\/p>\n\n\n\n<p>Pour conclure, chacun trouvera la solution appropri\u00e9e \u00e0 son besoin, les trois (Tawk.to, Chatra, SmartSupp) proposent \u00e0 peu pr\u00e8s tous autant de fonctionnalit\u00e9s pour l\u2019offre gratuite, sans pour autant proposer de version d\u2019essai.<\/p>\n\n\n\n<p>Pour SmartSupp, les fonctionnalit\u00e9s en suppl\u00e9ment sont par exemple, la personnalisation, mais cela n\u2019a pas de grandes importances pour la fonction de base.<\/p>\n\n\n\n<p>Si l\u2019on veut aussi faire du support via son mobile, le mieux est d\u2019utiliser Tawk.to qui le propose gratuitement.<\/p>\n","protected":false},"excerpt":{"rendered":"<p>Pourquoi peut-on avoir recours \u00e0 utiliser aux live chat&nbsp;? Que vous ayez un site, blog personnel ou un site e-commerce, vous avez sans-doute envie de mettre \u00e0 disposition des visiteurs un moyen de vous contacter pour une question, une remarque\u2026 Ci-dessous, je vais vous d\u00e9tailler diff\u00e9rentes solutions, ainsi qu\u2019un comparatif pour savoir lequel sera le mieux adapt\u00e9 \u00e0 votre situation. Tawk.to Tawk.to est le premier chat que j\u2019ai crois\u00e9 sur un site, \u00e0 ma grande surprise, c\u2019est une solution gratuite,&#8230;<\/p>\n<p class=\"read-more\"><a class=\"btn btn-default\" href=\"https:\/\/valentin-gratz.xyz\/blog\/comparatif-de-solution-de-live-chat\/\">Lire la suite<span class=\"screen-reader-text\"> Lire la suite<\/span><\/a><\/p>\n","protected":false},"author":1,"featured_media":0,"parent":0,"menu_order":0,"comment_status":"closed","ping_status":"closed","template":"","meta":{"_et_pb_use_builder":"","_et_pb_old_content":"","_et_gb_content_width":"","footnotes":""},"class_list":["post-46","page","type-page","status-publish","hentry"],"_links":{"self":[{"href":"https:\/\/valentin-gratz.xyz\/blog\/wp-json\/wp\/v2\/pages\/46","targetHints":{"allow":["GET"]}}],"collection":[{"href":"https:\/\/valentin-gratz.xyz\/blog\/wp-json\/wp\/v2\/pages"}],"about":[{"href":"https:\/\/valentin-gratz.xyz\/blog\/wp-json\/wp\/v2\/types\/page"}],"author":[{"embeddable":true,"href":"https:\/\/valentin-gratz.xyz\/blog\/wp-json\/wp\/v2\/users\/1"}],"replies":[{"embeddable":true,"href":"https:\/\/valentin-gratz.xyz\/blog\/wp-json\/wp\/v2\/comments?post=46"}],"version-history":[{"count":0,"href":"https:\/\/valentin-gratz.xyz\/blog\/wp-json\/wp\/v2\/pages\/46\/revisions"}],"wp:attachment":[{"href":"https:\/\/valentin-gratz.xyz\/blog\/wp-json\/wp\/v2\/media?parent=46"}],"curies":[{"name":"wp","href":"https:\/\/api.w.org\/{rel}","templated":true}]}}