{"id":42,"date":"2020-08-08T10:17:05","date_gmt":"2020-08-08T08:17:05","guid":{"rendered":"http:\/\/valentin-gratz.xyz\/blog\/?page_id=42"},"modified":"2025-05-29T21:42:52","modified_gmt":"2025-05-29T19:42:52","slug":"notepad-bracket-sublime-text-3-phpstorm-quel-editeur-de-code-choisir","status":"publish","type":"page","link":"https:\/\/valentin-gratz.xyz\/blog\/notepad-bracket-sublime-text-3-phpstorm-quel-editeur-de-code-choisir\/","title":{"rendered":"Notepad++, Bracket, Sublime Text 3, PhpStorm : quel \u00e9diteur de code choisir ?"},"content":{"rendered":"\n<p>Quand on est d\u00e9veloppeur web, l\u2019on a besoin de bons logiciels pour coder, alors, je vous propose un petit comparatif de quatre logiciels que je connais et que j\u2019ai utilis\u00e9 ou bien essayer.<\/p>\n\n\n\n<ol class=\"wp-block-list\" type=\"I\"><li><strong><u>Pr\u00e9sentation<\/u><\/strong><ol><li><strong><u>Notepad ++<\/u><\/strong><\/li><\/ol><\/li><\/ol>\n\n\n\n<div class=\"wp-block-image\"><figure class=\"aligncenter size-large is-resized\"><img loading=\"lazy\" decoding=\"async\" src=\"https:\/\/e7.pngegg.com\/pngimages\/525\/34\/png-clipart-notepad-text-editor-source-code-editor-notepad-text-logo.png\" alt=\"R\u00e9sultat de recherche d'images pour &quot;logo notepad++&quot;\" width=\"278\" height=\"133\"\/><\/figure><\/div>\n\n\n\n<p>Notepad++ est le premier logiciel que j\u2019ai d\u00e9couvert et utilis\u00e9. Il se veut simple et basique.<\/p>\n\n\n\n<p>A ce jour (le 31 janvier 2020), je viens de d\u00e9couvrir qu\u2019il cache quelques fonctionnalit\u00e9s, tels que l\u2019affichage de l\u2019arborescence du dossier de projet. Arborescence qui est automatiquement pr\u00e9sente chez Bracket, Sublime et PhpStorm.<\/p>\n\n\n\n<p>Par contre seul petit b\u00e9mol, il ne fait pas d\u2019auto-compl\u00e9tions, donc fermer automatiquement les balises.&nbsp; Ce qui reviens \u00e0 utiliser le simple bloc-notes et a y laiss\u00e9 pleins d\u2019erreurs de codage.<\/p>\n\n\n\n<ul class=\"wp-block-list\"><li><strong><u>Brackets<\/u><\/strong><\/li><\/ul>\n\n\n\n<div class=\"wp-block-image\"><figure class=\"aligncenter size-large\"><img decoding=\"async\" src=\"https:\/\/lh3.googleusercontent.com\/proxy\/Y1LCx0-msThG9HnHgc4DuUDkjqGtZPaWEkd1OsPfZCgmPEiayIQxANNmIBpX7kqngCmovuXYZmKChK6iuxlDwllHJYKr9kdQYGm5x17DwLK6NfoUqP8ABrMBI-9GkqvtZ_WL\" alt=\"\"\/><\/figure><\/div>\n\n\n\n<p>Bracket est un \u00e9diteur gratuit, mais d\u00e9velopp\u00e9 par Adobe, d\u2019o\u00f9 la pr\u00e9cision qu\u2019il soit gratuit.<\/p>\n\n\n\n<p>Il reprend les bases de Notepadd++ en y ajoutant quelques fonctionnalit\u00e9s, comme la palette de couleur pour pouvoir directement choisir la nuance que l\u2019on souhaite. Le panneau lat\u00e9ral pour afficher l\u2019arborescence du projet se fait automatiquement.<\/p>\n\n\n\n<ul class=\"wp-block-list\"><li><strong><u>Sublime Text 3<\/u><\/strong><\/li><\/ul>\n\n\n\n<figure class=\"wp-block-image size-large\"><img decoding=\"async\" src=\"https:\/\/www.fullstackpython.com\/img\/logos\/sublime-text.jpg\" alt=\"R\u00e9sultat de recherche d'images pour &quot;logo sublime text 3&quot;\"\/><\/figure>\n\n\n\n<p>Sublime Text 3 est un \u00e9diteur gratuit en apparence. Je dis \u00ab&nbsp;en apparence&nbsp;\u00bb, car son \u00e9diteur souhaite qu\u2019on lui ach\u00e8te une licence, ce qui est plus un don qu\u2019une licence. Pourquoi un don, car il n\u2019y a pas de fonctionnalit\u00e9 suppl\u00e9mentaire de d\u00e9bloquer avec la licence.<\/p>\n\n\n\n<p>Apr\u00e8s, il reprend ce que fait Bracket. Donc, pour cela, je ne peux rien ajouter.<\/p>\n\n\n\n<ul class=\"wp-block-list\"><li><strong><u>PhpStorm<\/u><\/strong><\/li><\/ul>\n\n\n\n<div class=\"wp-block-image\"><figure class=\"aligncenter size-large is-resized\"><img loading=\"lazy\" decoding=\"async\" src=\"https:\/\/university.sensiolabs.com\/images\/posts\/Phpstorm-logo.png?sluv=7ee6b552c64f7e9028b6ac36035e9442770b7965\" alt=\"R\u00e9sultat de recherche d'images pour &quot;logo phpstorm&quot;\" width=\"410\" height=\"122\"\/><\/figure><\/div>\n\n\n\n<p>PhpStorm, un logiciel que je viens de d\u00e9couvrir ainsi tester avec la p\u00e9riode de 30 jours. Voici le seul logiciel payant sur abonnement de ce comparatif. Comme vous pourrez le voir dans la partie des offres ainsi que dans le tableau, vous comprendrais mieux pourquoi il faut s\u2019acquitter d\u2019un abonnement pour l\u2019utiliser.<\/p>\n\n\n\n<p>Il reprend tout ce que les autres font d\u00e9j\u00e0 tout en y int\u00e9grant les fichiers de Framework \u00e0 votre place. Donc, vous pourrez cr\u00e9er divers projets avec son aide, que ce soit des plugin WordPress, Drupal\u2026 page html, Bootstrap et tant d\u2019autre.<\/p>\n\n\n\n<p>Il propose l\u2019auto-compl\u00e9tions, ainsi, quand vous d\u00e9marrer un projet, sur la page \u00ab&nbsp;index.html&nbsp;\u00bb, il ins\u00e8re automatiquement les balises de bases.<\/p>\n\n\n\n<ol class=\"wp-block-list\" type=\"I\"><li><strong><u>Leur offre \u2013 licence<\/u><\/strong><ol><li><strong><u>Notepad ++<\/u><\/strong><\/li><\/ol><\/li><\/ol>\n\n\n\n<p>Notepad++ est tout simplement un logiciel gratuit, qui remplace un peu le bloc-notes, pour les personnes qui utilisait que celui-ci.<\/p>\n\n\n\n<p>Il ne propose pas des fonctionnalit\u00e9s extraordinaires, compar\u00e9 \u00e0 Bracket, Sublime Text, PhpStorm.<\/p>\n\n\n\n<ul class=\"wp-block-list\"><li><strong><u>Brackets<\/u><\/strong><\/li><\/ul>\n\n\n\n<p>Tout comme Notepad++, Brackets, ne propose qu\u2019une seule offre, c\u2019est-\u00e0-dire qu\u2019il est gratuit.<\/p>\n\n\n\n<ul class=\"wp-block-list\"><li><strong><u>Sublime Text 3<\/u><\/strong><\/li><\/ul>\n\n\n\n<p>Sublime Text 3 ne propose pas vraiment de licence qui ajoute une plus-value, mais simplement une licence optionnelle (s\u00fbrement pour \u00e9viter d\u2019\u00eatre \u00ab&nbsp;harcel\u00e9&nbsp;\u00bb par les pop-ups demandant d\u2019acheter une licence).<\/p>\n\n\n\n<ul class=\"wp-block-list\"><li><strong><u>PhpStorm<\/u><\/strong><\/li><\/ul>\n\n\n\n<p>PhpStorm est pour moi le premier logiciel enti\u00e8rement payant. Enti\u00e8rement, car en g\u00e9n\u00e9ral, quand l\u2019on paye une licence, on la paye une seule fois \u00e0 vie. Sauf que c\u2019est plut\u00f4t comme un abonnement.<\/p>\n\n\n\n<p>Ce qui permet \u00e0 PhpStorm de propos\u00e9 une licence sous forme d\u2019abonnement, et certainement le fait qu\u2019il propose directement de coder son projet avec des Framework int\u00e9gr\u00e9, comme Bootstrap\u2026 ainsi que les fonctionnalit\u00e9s pour coder des plugins pour Drupal, WordPress\u2026<\/p>\n\n\n\n<ol class=\"wp-block-list\" type=\"I\"><li><strong><u>Tableau comparatif<\/u><\/strong><\/li><\/ol>\n\n\n\n<figure class=\"wp-block-table\"><table><tbody><tr><td><em>&nbsp;<\/em><\/td><td><strong>Notepad++<\/strong><strong><\/strong><\/td><td><strong>Bracket<\/strong><strong><\/strong><\/td><td><strong>Sublime Text 3<\/strong><strong><\/strong><\/td><td><strong>PhpStorm<\/strong><strong><\/strong><\/td><\/tr><tr><td><em>Fonctionnalit\u00e9<\/em><em><\/em><\/td><td>Fonctions de base d\u2019un \u00e9diteur<\/td><td>Fonctions de basesInt\u00e8gre la barre pour choisir ses couleursL\u2019aper\u00e7u en direct<\/td><td>Fonctions de bases<\/td><td>Fonction de basePrise en charge de chaque projet avec l\u2019int\u00e9gration de CMS et framework<\/td><\/tr><tr><td><em>Prix<\/em><em><\/em><\/td><td><strong>Gratuit<\/strong><\/td><td><strong>Gratuit<\/strong><\/td><td><strong>Gratuit<\/strong> (Licence de 80$ optionnelle)<\/td><td>Licence par abonnement (prix licence personnelle) <strong>8.90\u20ac\/mois<\/strong><\/td><\/tr><\/tbody><\/table><\/figure>\n\n\n\n<ol class=\"wp-block-list\" type=\"I\"><li><strong><u>Conclusion<\/u><\/strong><\/li><\/ol>\n\n\n\n<p>Pour ma part, j\u2019utilise plus Sublime Text 3 et Bracket, ils propose l\u2019auto-compl\u00e9tions ce qui est pratique. Au moins, l\u2019on fait moins d\u2019erreurs que si j\u2019utilisais Notepad++.<\/p>\n\n\n\n<p>Apr\u00e8s pour PhpStorm, j\u2019ai test\u00e9 la version d\u2019\u00e9valuation, et je comprends mieux pourquoi il est propos\u00e9 en abonnement mensuel, et non gratuitement ou avec une licence \u00e0 vie. Tout simplement pour les fonctionnalit\u00e9s suppl\u00e9mentaires qu\u2019il propose, et qui m\u00e9rite d\u2019\u00eatre mis \u00e0 jour en fonction des CMS et Framework support\u00e9.<\/p>\n\n\n\n<p>Je pourrais prendre un abonnement chez PhpStorm si j\u2019en ai vraiment l\u2019usage, par exemple tous les jours et pas seulement une fois de temps en temps.<\/p>\n\n\n\n<p>Article comparatif fait le 31 janvier 2020<\/p>\n","protected":false},"excerpt":{"rendered":"<p>Quand on est d\u00e9veloppeur web, l\u2019on a besoin de bons logiciels pour coder, alors, je vous propose un petit comparatif de quatre logiciels que je connais et que j\u2019ai utilis\u00e9 ou bien essayer. Pr\u00e9sentation Notepad ++ Notepad++ est le premier logiciel que j\u2019ai d\u00e9couvert et utilis\u00e9. Il se veut simple et basique. A ce jour (le 31 janvier 2020), je viens de d\u00e9couvrir qu\u2019il cache quelques fonctionnalit\u00e9s, tels que l\u2019affichage de l\u2019arborescence du dossier de projet. Arborescence qui est automatiquement&#8230;<\/p>\n<p class=\"read-more\"><a class=\"btn btn-default\" href=\"https:\/\/valentin-gratz.xyz\/blog\/notepad-bracket-sublime-text-3-phpstorm-quel-editeur-de-code-choisir\/\">Lire la suite<span class=\"screen-reader-text\"> Lire la suite<\/span><\/a><\/p>\n","protected":false},"author":1,"featured_media":0,"parent":0,"menu_order":0,"comment_status":"closed","ping_status":"closed","template":"","meta":{"_et_pb_use_builder":"","_et_pb_old_content":"","_et_gb_content_width":"","footnotes":""},"class_list":["post-42","page","type-page","status-publish","hentry"],"_links":{"self":[{"href":"https:\/\/valentin-gratz.xyz\/blog\/wp-json\/wp\/v2\/pages\/42","targetHints":{"allow":["GET"]}}],"collection":[{"href":"https:\/\/valentin-gratz.xyz\/blog\/wp-json\/wp\/v2\/pages"}],"about":[{"href":"https:\/\/valentin-gratz.xyz\/blog\/wp-json\/wp\/v2\/types\/page"}],"author":[{"embeddable":true,"href":"https:\/\/valentin-gratz.xyz\/blog\/wp-json\/wp\/v2\/users\/1"}],"replies":[{"embeddable":true,"href":"https:\/\/valentin-gratz.xyz\/blog\/wp-json\/wp\/v2\/comments?post=42"}],"version-history":[{"count":0,"href":"https:\/\/valentin-gratz.xyz\/blog\/wp-json\/wp\/v2\/pages\/42\/revisions"}],"wp:attachment":[{"href":"https:\/\/valentin-gratz.xyz\/blog\/wp-json\/wp\/v2\/media?parent=42"}],"curies":[{"name":"wp","href":"https:\/\/api.w.org\/{rel}","templated":true}]}}