{"id":38,"date":"2020-08-08T10:06:10","date_gmt":"2020-08-08T08:06:10","guid":{"rendered":"http:\/\/valentin-gratz.xyz\/blog\/?page_id=38"},"modified":"2025-05-29T21:41:27","modified_gmt":"2025-05-29T19:41:27","slug":"comparatif-de-shopify-dropizi-et-wizishop-pour-le-dropshipping","status":"publish","type":"page","link":"https:\/\/valentin-gratz.xyz\/blog\/comparatif-de-shopify-dropizi-et-wizishop-pour-le-dropshipping\/","title":{"rendered":"Comparatif de Shopify, Dropizi et WiziShop pour le dropshipping"},"content":{"rendered":"\n<ol class=\"wp-block-list\" type=\"I\"><li><strong><u>Les diff\u00e9rentes solutions pr\u00eates \u00e0 l\u2019emploi pour le dropshipping accessible \u00e0 tous<\/u><\/strong><\/li><\/ol>\n\n\n\n<p>Pour les personnes qui d\u00e9butent ou m\u00eame qui viennent de d\u00e9couvrir le dropshipping, je vous pr\u00e9sente les trois solutions cl\u00e9 en main destin\u00e9e aux d\u00e9butants. Quand je dis cl\u00e9 en main, je veux dire cr\u00e9ation et mise en ligne de la boutique simplifi\u00e9e.<\/p>\n\n\n\n<ol class=\"wp-block-list\" type=\"a\"><li><strong><u>Shopify<\/u><\/strong><\/li><\/ol>\n\n\n\n<div class=\"wp-block-image\"><figure class=\"aligncenter size-large is-resized\"><img loading=\"lazy\" decoding=\"async\" src=\"https:\/\/vl-media.fr\/wp-content\/uploads\/2018\/04\/shopify.png\" alt=\"\" width=\"292\" height=\"146\"\/><\/figure><\/div>\n\n\n\n<p>Quand on parle de dropshipping, on a tous en t\u00eate la marque Shopify, la c\u00e9l\u00e8bre solution d\u2019e-commerce. Mais apr\u00e8s avoir lu cet article jusqu\u2019au bout, vous pourrez dire comme moi que c\u2019est la solution la plus ch\u00e8re et qui ne propose rien en pack. Comme les formations ou plugins \u00e0 acheter en plus de l\u2019abonnement de base.<\/p>\n\n\n\n<ul class=\"wp-block-list\"><li><strong><u>Dropizi<\/u><\/strong><\/li><\/ul>\n\n\n\n<div class=\"wp-block-image\"><figure class=\"aligncenter size-large\"><img decoding=\"async\" src=\"https:\/\/usercontent.one\/wp\/www.strategies-marketing.com\/wp-content\/uploads\/2020\/07\/dropizi-logo-.png\" alt=\"\"\/><\/figure><\/div>\n\n\n\n<p>En cherchant sur internet, et notamment sur une vid\u00e9o de Mlle WebMarketing, j\u2019ai appris plusieurs choses sur Dropizi.<\/p>\n\n\n\n<p>Alors, d\u00e9j\u00e0 au niveau de la cr\u00e9ation de la boutique, vous avez juste le logo \u00e0 modifi\u00e9, le reste est d\u00e9j\u00e0 en place pour 27\u20ac par mois, compar\u00e9 \u00e0 Shopify o\u00f9 vous devez tout faire vous-m\u00eame pour plus chers.<\/p>\n\n\n\n<p>Les gros avantages sont&nbsp;:<\/p>\n\n\n\n<ul class=\"wp-block-list\"><li>La notification par SMS<\/li><li>Les cours de marketing<\/li><li>L\u2019application pour les meilleurs produits de chez AliExpress.<\/li><\/ul>\n\n\n\n<p>Le c\u00f4t\u00e9 n\u00e9gatif pour le moment est qu\u2019ils n\u2019ont que AliExpress en partenaires.<\/p>\n\n\n\n<p>Pour le restant, le chargement des pages est rapide avec un SEO tr\u00e8s optimis\u00e9, ce qui est tr\u00e8s important pour \u00eatre bien plac\u00e9 sur Google.<\/p>\n\n\n\n<ul class=\"wp-block-list\"><li><strong><u>WiziShop<\/u><\/strong><\/li><\/ul>\n\n\n\n<div class=\"wp-block-image\"><figure class=\"aligncenter size-large is-resized\"><img loading=\"lazy\" decoding=\"async\" src=\"https:\/\/www.wizishop.fr\/static\/images\/logo.png\" alt=\"\" width=\"342\" height=\"118\"\/><\/figure><\/div>\n\n\n\n<p>WiziShop est comme un fr\u00e8re de Dropizi, c\u2019est-\u00e0-dire qu\u2019il est jeune et fran\u00e7ais. La plateforme \u00e0 \u00e9t\u00e9 lanc\u00e9e le 8 avril 2008.<\/p>\n\n\n\n<p>Elle Propose une p\u00e9riode d\u2019essai, tout comme ces deux concurrents, mais, il reprend quelques sp\u00e9cificit\u00e9s \u00e0 Shopify, tel que le prix de l\u2019abonnement, et son mode de paiement.<\/p>\n\n\n\n<p>Mais, WiziShop tire son \u00e9pingle du jeu, en proposant la possibilit\u00e9 de faire des campagnes publicitaires.<\/p>\n\n\n\n<ol class=\"wp-block-list\" type=\"I\"><li><strong><u>Les forfaits de chaque solution<\/u><\/strong><ol><li><strong><u>Shopify<\/u><\/strong><\/li><\/ol><\/li><\/ol>\n\n\n\n<p>Shopify, le plus connu, mais aussi le plus cher et qui ne propose pas tout. Pour r\u00e9sumer, il faut compter un budget de 2000<sup>e<\/sup> par ans pour tout avoir entre la boutique, les plugins, les formations.<\/p>\n\n\n\n<p>Ensuite, si l\u2019on veut prendre Oberlo qui est essentiel, il faut ajouter 40euros par mois.<\/p>\n\n\n\n<ul class=\"wp-block-list\"><li><strong><u>Dropizi<\/u><\/strong><\/li><\/ul>\n\n\n\n<p>Clairement en voyant les offres de Dropizi, je peu clairement vous dire qu\u2019elles sont similaires \u00e0 WiziShop, c\u2019est-\u00e0-dire l\u2019offre standard \u00e0 27\u20ac me parait d\u00e9j\u00e0 une bonne offre bien remplie pour bien commencer. Les options propos\u00e9es par les deux autres offres sont plus de l\u2019ordre techniques, qui ne parle pas \u00e0 tous pour un engagement de 12 mois.<\/p>\n\n\n\n<ul class=\"wp-block-list\"><li><strong><u>WiziShop<\/u><\/strong><\/li><\/ul>\n\n\n\n<p>Pour ma part, l\u2019offre standard \u00e0 27\u20ac me parait d\u00e9j\u00e0 une bonne offre bien remplie pour bien commencer. Les options propos\u00e9es par les deux autres offres sont plus de l\u2019ordre techniques, qui ne parle pas \u00e0 tous.<\/p>\n\n\n\n<ul class=\"wp-block-list\"><li><strong><u>Tableau comparateur<\/u><\/strong><\/li><\/ul>\n\n\n\n<figure class=\"wp-block-table\"><table><tbody><tr><td><strong>Crit\u00e8res<\/strong><\/td><td><strong>Shopify<\/strong><strong><\/strong><\/td><td><strong>Dropizi<\/strong><strong><\/strong><\/td><td><strong>WiziShop<\/strong><strong><\/strong><\/td><\/tr><tr><td>P\u00e9riode d\u2019essai<\/td><td>14 jours<\/td><td>15 jours<\/td><td>15 jours<\/td><\/tr><tr><td>Prix abonnement (sans engagement)<\/td><td>A partir de 37 HT \u20ac\/mois<\/td><td>A partir de 27 HT \u20ac\/mois<\/td><td>A partir de 37 HT \u20ac\/mois<\/td><\/tr><tr><td>Mode de paiement pour l\u2019abonnement<\/td><td>Carte bancaire ou PayPal<\/td><td>Carte Bancaire ou Pr\u00e9l\u00e8vement<\/td><td>Carte bancaire<\/td><\/tr><tr><td>Nom de domaine<\/td><td>Possibilit\u00e9 de l\u2019acheter en m\u00eame temps<\/td><td>Aucune information<\/td><td>Possibilit\u00e9 comme Shopify<\/td><\/tr><tr><td>Outils pratique<\/td><td>G\u00e9n\u00e9rateurs de pages et logo \u2026<\/td><td>Formation offerte<\/td><td>Avec ses partenaires payant ou gratuit&nbsp;?<\/td><\/tr><\/tbody><\/table><\/figure>\n\n\n\n<ol class=\"wp-block-list\" type=\"I\"><li><strong><u>Conclusion<\/u><\/strong><\/li><\/ol>\n\n\n\n<p>Pour en conclure, tout le monde va se tourner vers Shopify qui, est la solution la plus connue. Mais apr\u00e8s avoir mieux compar\u00e9, pour les d\u00e9butants et aussi pour moi, je choisirais <strong>Dropizi<\/strong>. Eux, car l\u2019on peut payer par carte ou pr\u00e9l\u00e8vement bancaire quand l\u2019on n\u2019en a pas, c\u2019est aussi le moins cher.<\/p>\n\n\n\n<p>Il existe tout de m\u00eame d\u2019autres solution comme le duo (WordPress + Woo commerce) pour le plus connu, apr\u00e8s Prestashop. Selon moi, ces deux solutions sont plut\u00f4t faites pour ceux qui ont des connaissances en informatiques et en investissement.<\/p>\n\n\n\n<p>Des connaissances en informations pour acheter l\u2019h\u00e9bergement, le nom de domaine. S\u2019en suit l\u2019installation, la configuration, ainsi que l\u2019achat de certaines extensions d\u00e9di\u00e9e au dropshipping.<\/p>\n\n\n\n<p>Article comparatif 2 novembre 2019<\/p>\n","protected":false},"excerpt":{"rendered":"<p>Les diff\u00e9rentes solutions pr\u00eates \u00e0 l\u2019emploi pour le dropshipping accessible \u00e0 tous Pour les personnes qui d\u00e9butent ou m\u00eame qui viennent de d\u00e9couvrir le dropshipping, je vous pr\u00e9sente les trois solutions cl\u00e9 en main destin\u00e9e aux d\u00e9butants. Quand je dis cl\u00e9 en main, je veux dire cr\u00e9ation et mise en ligne de la boutique simplifi\u00e9e. Shopify Quand on parle de dropshipping, on a tous en t\u00eate la marque Shopify, la c\u00e9l\u00e8bre solution d\u2019e-commerce. Mais apr\u00e8s avoir lu cet article jusqu\u2019au&#8230;<\/p>\n<p class=\"read-more\"><a class=\"btn btn-default\" href=\"https:\/\/valentin-gratz.xyz\/blog\/comparatif-de-shopify-dropizi-et-wizishop-pour-le-dropshipping\/\">Lire la suite<span class=\"screen-reader-text\"> Lire la suite<\/span><\/a><\/p>\n","protected":false},"author":1,"featured_media":0,"parent":0,"menu_order":0,"comment_status":"closed","ping_status":"closed","template":"","meta":{"_et_pb_use_builder":"","_et_pb_old_content":"","_et_gb_content_width":"","footnotes":""},"class_list":["post-38","page","type-page","status-publish","hentry"],"_links":{"self":[{"href":"https:\/\/valentin-gratz.xyz\/blog\/wp-json\/wp\/v2\/pages\/38","targetHints":{"allow":["GET"]}}],"collection":[{"href":"https:\/\/valentin-gratz.xyz\/blog\/wp-json\/wp\/v2\/pages"}],"about":[{"href":"https:\/\/valentin-gratz.xyz\/blog\/wp-json\/wp\/v2\/types\/page"}],"author":[{"embeddable":true,"href":"https:\/\/valentin-gratz.xyz\/blog\/wp-json\/wp\/v2\/users\/1"}],"replies":[{"embeddable":true,"href":"https:\/\/valentin-gratz.xyz\/blog\/wp-json\/wp\/v2\/comments?post=38"}],"version-history":[{"count":0,"href":"https:\/\/valentin-gratz.xyz\/blog\/wp-json\/wp\/v2\/pages\/38\/revisions"}],"wp:attachment":[{"href":"https:\/\/valentin-gratz.xyz\/blog\/wp-json\/wp\/v2\/media?parent=38"}],"curies":[{"name":"wp","href":"https:\/\/api.w.org\/{rel}","templated":true}]}}